{"id":389,"date":"2025-05-20T11:53:12","date_gmt":"2025-05-20T11:53:12","guid":{"rendered":"https:\/\/sonnenenergie.weareweblabs.com\/?page_id=389"},"modified":"2025-05-20T13:20:07","modified_gmt":"2025-05-20T13:20:07","slug":"imprint","status":"publish","type":"page","link":"https:\/\/sonnen-energie.de\/en\/impressum\/","title":{"rendered":"Imprint"},"content":{"rendered":"\n<p>Sonnen-Energie Allg\u00e4u GmbH<br>Mittagstra\u00dfe 19b<br>87527 Sonthofen<\/p>\n\n\n\n<p>Internet sonnen-energie.de<br>eMail meine@sonnen-energie.de<br>Telefon: +49 08321 788 25 93<\/p>\n\n\n\n<p>Rechtsform Gesellschaft mit beschr\u00e4nkter Haftung<br>Gesch\u00e4ftsleitung Draspong Suwankoson<br>Unternehmensgegenstand Handel<br>HRB 16067<br>Firmenbuchgericht Amtsgericht Kempten (Allg\u00e4u)<br>Aufsichtsbeh\u00f6rde\/Gewerbebeh\u00f6rde Stadt Sonthofen<br>UID-Nr. DE347355214<\/p>\n\n\n\n<p><strong>Bildquellen<\/strong><br>Die Internetseite verwendet Bilder von Sonnen-Energie Allg\u00e4u GmbH &amp; AdobeStock<\/p>\n\n\n\n<p><strong>Haftung<\/strong><br>S\u00e4mtliche Texte auf der Website wurden sorgf\u00e4ltig gepr\u00fcft. Dessen ungeachtet kann keine Garantie f\u00fcr die Richtigkeit, Vollst\u00e4ndigkeit und Aktualit\u00e4t der Angaben \u00fcbernommen werden. Eine Haftung von Sonnen-Energie wird daher ausgeschlossen.<\/p>\n\n\n\n<p><strong>Hinweise<\/strong><br>Aus rechtlichen Gr\u00fcnden m\u00fcssen wir darauf hinweisen, dass wir auf den Inhalt verlinkter Seiten nicht immer Einfluss nehmen k\u00f6nnen und daher daf\u00fcr nicht verantwortlich zeichnen k\u00f6nnen! S\u00e4mtliche personenbezogenen Daten, die durch Formulare auf dieser Seite eingegeben werden, werden von uns nur zum daf\u00fcr vorgesehenen Zweck verwendet und auf Wunsch gel\u00f6scht.<\/p>\n\n\n\n<p><strong>Datenschutzhinweis<\/strong><br>Diese Website benutzt Google Analytics, einen Webanalysedienst der Google Inc. (\u201eGoogle\u201c). Google Analytics verwendet sog. \u201eCookies\u201c, Textdateien, die auf Ihrem Computer gespeichert werden und die eine Analyse der Benutzung der Website durch Sie erm\u00f6glicht. Die durch den Cookie erzeugten Informationen \u00fcber Ihre Benutzung dieser Website (einschlie\u00dflich Ihrer IP-Adresse) wird an einen Server von Google in den USA \u00fcbertragen und dort gespeichert. Google wird diese Informationen benutzen, um Ihre Nutzung der Website auszuwerten, um Reports \u00fcber die Websiteaktivit\u00e4ten f\u00fcr die Websitebetreiber zusammenzustellen und um weitere mit der Websitenutzung und der Internetnutzung verbundene Dienstleistungen zu erbringen. Auch wird Google diese Informationen gegebenenfalls an Dritte \u00fcbertragen, sofern dies gesetzlich vorgeschrieben oder soweit Dritte diese Daten im Auftrag von Google verarbeiten. Google wird in keinem Fall Ihre IP-Adresse mit anderen Daten von Google in Verbindung bringen. Sie k\u00f6nnen die Installation der Cookies durch eine entsprechende Einstellung Ihrer Browser Software verhindern; wir weisen Sie jedoch darauf hin, dass Sie in diesem Fall gegebenenfalls nicht s\u00e4mtliche Funktionen dieser Website vollumf\u00e4nglich nutzen k\u00f6nnen. Durch die Nutzung dieser Website erkl\u00e4ren Sie sich mit der Bearbeitung der \u00fcber Sie erhobenen Daten durch Google in der zuvor beschriebenen Art und Weise und zu dem zuvor benannten Zweck einverstanden.<\/p>\n\n\n<p>[gzd_complaints]<\/p>\n","protected":false},"excerpt":{"rendered":"<p>Sonnen-Energie Allg\u00e4u GmbHMittagstra\u00dfe 19b87527 Sonthofen Internet sonnen-energie.deeMail meine@sonnen-energie.deTelefon: +49 08321 788 25 93 Rechtsform Gesellschaft mit beschr\u00e4nkter HaftungGesch\u00e4ftsleitung Draspong SuwankosonUnternehmensgegenstand HandelHRB 16067Firmenbuchgericht Amtsgericht Kempten (Allg\u00e4u)Aufsichtsbeh\u00f6rde\/Gewerbebeh\u00f6rde Stadt SonthofenUID-Nr. DE347355214 BildquellenDie Internetseite verwendet Bilder von Sonnen-Energie Allg\u00e4u GmbH &amp; AdobeStock HaftungS\u00e4mtliche Texte auf der Website wurden sorgf\u00e4ltig gepr\u00fcft. Dessen ungeachtet kann keine Garantie f\u00fcr die Richtigkeit, Vollst\u00e4ndigkeit [&hellip;]<\/p>\n","protected":false},"author":1,"featured_media":0,"parent":0,"menu_order":0,"comment_status":"closed","ping_status":"closed","template":"","meta":{"_acf_changed":false,"_breakdance_hide_in_design_set":false,"_breakdance_tags":"","footnotes":""},"class_list":["post-389","page","type-page","status-publish","hentry"],"acf":[],"yoast_head":"<title>Impressum - Sonnen-Energie GmbH<\/title>\n<meta name=\"robots\" content=\"index, follow, max-snippet:-1, max-image-preview:large, max-video-preview:-1\" \/>\n<link rel=\"canonical\" href=\"https:\/\/sonnen-energie.de\/en\/imprint\/\" \/>\n<meta property=\"og:locale\" content=\"en_GB\" \/>\n<meta property=\"og:type\" content=\"article\" \/>\n<meta property=\"og:title\" content=\"Impressum - Sonnen-Energie GmbH\" \/>\n<meta property=\"og:description\" content=\"Sonnen-Energie Allg\u00e4u GmbHMittagstra\u00dfe 19b87527 Sonthofen Internet sonnen-energie.deeMail meine@sonnen-energie.deTelefon: +49 08321 788 25 93 Rechtsform Gesellschaft mit beschr\u00e4nkter HaftungGesch\u00e4ftsleitung Draspong SuwankosonUnternehmensgegenstand HandelHRB 16067Firmenbuchgericht Amtsgericht Kempten (Allg\u00e4u)Aufsichtsbeh\u00f6rde\/Gewerbebeh\u00f6rde Stadt SonthofenUID-Nr. DE347355214 BildquellenDie Internetseite verwendet Bilder von Sonnen-Energie Allg\u00e4u GmbH &amp; AdobeStock HaftungS\u00e4mtliche Texte auf der Website wurden sorgf\u00e4ltig gepr\u00fcft. Dessen ungeachtet kann keine Garantie f\u00fcr die Richtigkeit, Vollst\u00e4ndigkeit [&hellip;]\" \/>\n<meta property=\"og:url\" content=\"https:\/\/sonnen-energie.de\/en\/imprint\/\" \/>\n<meta property=\"og:site_name\" content=\"Sonnen-Energie GmbH\" \/>\n<meta property=\"article:modified_time\" content=\"2025-05-20T13:20:07+00:00\" \/>\n<meta name=\"twitter:card\" content=\"summary_large_image\" \/>\n<meta name=\"twitter:label1\" content=\"Estimated reading time\" \/>\n\t<meta name=\"twitter:data1\" content=\"2 minutes\" \/>\n<script type=\"application\/ld+json\" class=\"yoast-schema-graph\">{\"@context\":\"https:\/\/schema.org\",\"@graph\":[{\"@type\":\"WebPage\",\"@id\":\"https:\/\/sonnen-energie.de\/impressum\/\",\"url\":\"https:\/\/sonnen-energie.de\/impressum\/\",\"name\":\"Impressum - Sonnen-Energie GmbH\",\"isPartOf\":{\"@id\":\"https:\/\/sonnen-energie.de\/#website\"},\"datePublished\":\"2025-05-20T11:53:12+00:00\",\"dateModified\":\"2025-05-20T13:20:07+00:00\",\"breadcrumb\":{\"@id\":\"https:\/\/sonnen-energie.de\/impressum\/#breadcrumb\"},\"inLanguage\":\"en-GB\",\"potentialAction\":[{\"@type\":\"ReadAction\",\"target\":[\"https:\/\/sonnen-energie.de\/impressum\/\"]}]},{\"@type\":\"BreadcrumbList\",\"@id\":\"https:\/\/sonnen-energie.de\/impressum\/#breadcrumb\",\"itemListElement\":[{\"@type\":\"ListItem\",\"position\":1,\"name\":\"Startseite\",\"item\":\"https:\/\/sonnen-energie.de\/\"},{\"@type\":\"ListItem\",\"position\":2,\"name\":\"Impressum\"}]},{\"@type\":\"WebSite\",\"@id\":\"https:\/\/sonnen-energie.de\/#website\",\"url\":\"https:\/\/sonnen-energie.de\/\",\"name\":\"Sonnen-Energie GmbH\",\"description\":\"\",\"potentialAction\":[{\"@type\":\"SearchAction\",\"target\":{\"@type\":\"EntryPoint\",\"urlTemplate\":\"https:\/\/sonnen-energie.de\/?s={search_term_string}\"},\"query-input\":{\"@type\":\"PropertyValueSpecification\",\"valueRequired\":true,\"valueName\":\"search_term_string\"}}],\"inLanguage\":\"en-GB\"}]}<\/script>","yoast_head_json":{"title":"Imprint - Sonnen-Energie GmbH","robots":{"index":"index","follow":"follow","max-snippet":"max-snippet:-1","max-image-preview":"max-image-preview:large","max-video-preview":"max-video-preview:-1"},"canonical":"https:\/\/sonnen-energie.de\/en\/imprint\/","og_locale":"en_GB","og_type":"article","og_title":"Impressum - Sonnen-Energie GmbH","og_description":"Sonnen-Energie Allg\u00e4u GmbHMittagstra\u00dfe 19b87527 Sonthofen Internet sonnen-energie.deeMail meine@sonnen-energie.deTelefon: +49 08321 788 25 93 Rechtsform Gesellschaft mit beschr\u00e4nkter HaftungGesch\u00e4ftsleitung Draspong SuwankosonUnternehmensgegenstand HandelHRB 16067Firmenbuchgericht Amtsgericht Kempten (Allg\u00e4u)Aufsichtsbeh\u00f6rde\/Gewerbebeh\u00f6rde Stadt SonthofenUID-Nr. DE347355214 BildquellenDie Internetseite verwendet Bilder von Sonnen-Energie Allg\u00e4u GmbH &amp; AdobeStock HaftungS\u00e4mtliche Texte auf der Website wurden sorgf\u00e4ltig gepr\u00fcft. Dessen ungeachtet kann keine Garantie f\u00fcr die Richtigkeit, Vollst\u00e4ndigkeit [&hellip;]","og_url":"https:\/\/sonnen-energie.de\/en\/imprint\/","og_site_name":"Sonnen-Energie GmbH","article_modified_time":"2025-05-20T13:20:07+00:00","twitter_card":"summary_large_image","twitter_misc":{"Estimated reading time":"2 minutes"},"schema":{"@context":"https:\/\/schema.org","@graph":[{"@type":"WebPage","@id":"https:\/\/sonnen-energie.de\/impressum\/","url":"https:\/\/sonnen-energie.de\/impressum\/","name":"Imprint - Sonnen-Energie GmbH","isPartOf":{"@id":"https:\/\/sonnen-energie.de\/#website"},"datePublished":"2025-05-20T11:53:12+00:00","dateModified":"2025-05-20T13:20:07+00:00","breadcrumb":{"@id":"https:\/\/sonnen-energie.de\/impressum\/#breadcrumb"},"inLanguage":"en-GB","potentialAction":[{"@type":"ReadAction","target":["https:\/\/sonnen-energie.de\/impressum\/"]}]},{"@type":"BreadcrumbList","@id":"https:\/\/sonnen-energie.de\/impressum\/#breadcrumb","itemListElement":[{"@type":"ListItem","position":1,"name":"Startseite","item":"https:\/\/sonnen-energie.de\/"},{"@type":"ListItem","position":2,"name":"Impressum"}]},{"@type":"WebSite","@id":"https:\/\/sonnen-energie.de\/#website","url":"https:\/\/sonnen-energie.de\/","name":"Sonnen-Energie GmbH","description":"","potentialAction":[{"@type":"SearchAction","target":{"@type":"EntryPoint","urlTemplate":"https:\/\/sonnen-energie.de\/?s={search_term_string}"},"query-input":{"@type":"PropertyValueSpecification","valueRequired":true,"valueName":"search_term_string"}}],"inLanguage":"en-GB"}]}},"_links":{"self":[{"href":"https:\/\/sonnen-energie.de\/en\/wp-json\/wp\/v2\/pages\/389","targetHints":{"allow":["GET"]}}],"collection":[{"href":"https:\/\/sonnen-energie.de\/en\/wp-json\/wp\/v2\/pages"}],"about":[{"href":"https:\/\/sonnen-energie.de\/en\/wp-json\/wp\/v2\/types\/page"}],"author":[{"embeddable":true,"href":"https:\/\/sonnen-energie.de\/en\/wp-json\/wp\/v2\/users\/1"}],"replies":[{"embeddable":true,"href":"https:\/\/sonnen-energie.de\/en\/wp-json\/wp\/v2\/comments?post=389"}],"version-history":[{"count":3,"href":"https:\/\/sonnen-energie.de\/en\/wp-json\/wp\/v2\/pages\/389\/revisions"}],"predecessor-version":[{"id":395,"href":"https:\/\/sonnen-energie.de\/en\/wp-json\/wp\/v2\/pages\/389\/revisions\/395"}],"wp:attachment":[{"href":"https:\/\/sonnen-energie.de\/en\/wp-json\/wp\/v2\/media?parent=389"}],"curies":[{"name":"wp","href":"https:\/\/api.w.org\/{rel}","templated":true}]}}