{"id":483,"date":"2025-05-28T06:25:51","date_gmt":"2025-05-28T06:25:51","guid":{"rendered":"https:\/\/sonnenenergie.weareweblabs.com\/?page_id=483"},"modified":"2025-06-06T07:23:04","modified_gmt":"2025-06-06T07:23:04","slug":"contact","status":"publish","type":"page","link":"https:\/\/sonnen-energie.de\/en\/kontakt\/","title":{"rendered":"Contact us"},"content":{"rendered":"<section class=\"bde-section-483-333 bde-section\">\n              \n  \n  \n\t\n\n  <div class=\"section-background-overlay\"><\/div>\n\n\n<div class=\"section-container\"><div class=\"bde-div-483-334 bde-div\" data-entrance=\"slideDown\">\n  \n  \n\t\n\n\n\n<div class=\"bde-text-483-335 bde-text\">\nMit wenigen Klicks anfragen\n<\/div>\n<\/div><h1 class=\"bde-heading-483-336 bde-heading\">\nJetzt Angebot & Expertenberatung sichern\n<\/h1><div class=\"bde-text-483-337 bde-text\">\nAu\u00dferdem erhalten Sie eine exakte Wirtschaftlichkeitsberechnung inklusive Solarplanung \u2013 ma\u00dfgeschneidert f\u00fcr Ihre Immobilie.\n<\/div><\/div>\n<\/section><section class=\"bde-section-483-350 bde-section\">\n  \n  \n\t\n\n\n\n<div class=\"section-container\"><div class=\"bde-div-483-437 bde-div\">\n  \n  \n\t\n\n\n\n<div class=\"bde-code-block-483-438 bde-code-block\">\n\n  <iframe\n      id=\"JotFormIFrame-251532595154357\"\n      title=\"SE Relaunch\"\n      onload=\"window.parent.scrollTo(0,0)\"\n      allowtransparency=\"true\"\n      allow=\"geolocation; microphone; camera; fullscreen; payment\"\n      src=\"https:\/\/form.jotform.com\/251532595154357\"\n      frameborder=\"0\"\n      style=\"min-width:100%;max-width:100%;height:439px;border:none;\"\n      scrolling=\"no\"\n    >\n    <\/iframe>\n    <script src='https:\/\/cdn.jotfor.ms\/s\/umd\/latest\/for-form-embed-handler.js'><\/script>\n    <script>window.jotformEmbedHandler(\"iframe[id='JotFormIFrame-251532595154357']\", \"https:\/\/form.jotform.com\/\")<\/script>\n    \n\n\n<\/div>\n<\/div><\/div>\n<\/section><section class=\"bde-section-483-392 bde-section\">\n  \n  \n\t\n\n\n\n<div class=\"section-container\"><div class=\"bde-columns-483-393 bde-columns\"><div class=\"bde-column-483-394 bde-column\">\n  \n  \n\t\n\n\n\n<div class=\"bde-div-483-395 bde-div\" data-entrance=\"slideUp\">\n  \n  \n\t\n\n\n\n<div class=\"bde-text-483-396 bde-text\">\nIn 4 Schritten unabh\u00e4ngig\n<\/div>\n<\/div><h1 class=\"bde-heading-483-397 bde-heading\" data-entrance=\"slideUp\">\nIhr Weg zur High-End Energiel\u00f6sung\n<\/h1>\n<\/div><div class=\"bde-column-483-398 bde-column\">\n  \n  \n\t\n\n\n\n<div class=\"bde-text-483-399 bde-text\" data-entrance=\"slideUp\">\nBei uns ist alles unverbindlich \u2013 Nach Ihrer Anfrage und Beratung erhalten Sie ein Energiekonzept. Anschlie\u00dfend wissen Sie genau, wie viel Sie sparen k\u00f6nnen.\u00a0\n<\/div>\n<\/div><\/div><div class=\"bde-accordion-483-400 bde-accordion bde-accordion--bordered\" data-entrance=\"slideUp\"><div class=\"bde-accordion__content-wrapper-483-401 bde-accordion__content-wrapper\">\n<h3 class=\"bde-accordion__title-tag\">\n  <button type=\"button\" class=\"bde-accordion__button\" id=\"accordion-button-401\" aria-controls=\"accordion-panel-401\" aria-expanded=\"false\">\n     <span class=\"bde-accordion__title\" >1. Online anfragen<\/span>\n     <span class=\"bde-accordion__icon bde-accordion__icon--default\"><\/span>\n     <span class=\"bde-accordion__icon bde-accordion__icon--active\"><\/span>\n  <\/button>\n<\/h3>\n\n<div role=\"region\" class=\"bde-accordion__panel\" id=\"accordion-panel-401\" aria-labelledby=\"accordion-button-401\">\n    <div class=\"bde-accordion__panel-content\">\n        <div class=\"bde-columns-483-402 bde-columns\"><div class=\"bde-column-483-403 bde-column\">\n  \n  \n\t\n\n\n\n<div class=\"bde-div-483-404 bde-div\">\n  \n  \n\t\n\n\n\n<div class=\"bde-text-483-405 bde-text\">\nSchritt #1\n<\/div>\n<\/div><h1 class=\"bde-heading-483-406 bde-heading\">\nKinderleicht online anfragen\n<\/h1><div class=\"bde-text-483-407 bde-text\">\nBequem und unverbindlich starten: Teilen Sie uns Ihre Eckdaten online mit \u2013 in weniger als 2 Minuten.\n<\/div>\n<\/div><div class=\"bde-column-483-408 bde-column\">\n  \n  \n\t\n\n\n\n<div class=\"bde-image-483-409 bde-image\">\n<figure class=\"breakdance-image breakdance-image--222\">\n\t<div class=\"breakdance-image-container\">\n\t\t<div class=\"breakdance-image-clip\"><img loading=\"lazy\" decoding=\"async\" class=\"breakdance-image-object\" src=\"https:\/\/sonnen-energie.de\/wp-content\/uploads\/2025\/05\/Photovoltaik-Allgaeu-.png\" width=\"1536\" height=\"1024\" srcset=\"https:\/\/sonnen-energie.de\/wp-content\/uploads\/2025\/05\/Photovoltaik-Allgaeu-.png 1536w, https:\/\/sonnen-energie.de\/wp-content\/uploads\/2025\/05\/Photovoltaik-Allgaeu--300x200.png 300w, https:\/\/sonnen-energie.de\/wp-content\/uploads\/2025\/05\/Photovoltaik-Allgaeu--1024x683.png 1024w, https:\/\/sonnen-energie.de\/wp-content\/uploads\/2025\/05\/Photovoltaik-Allgaeu--768x512.png 768w\" sizes=\"auto, (max-width: 1536px) 100vw, 1536px\"><\/div>\n\t<\/div><\/figure>\n\n<\/div>\n<\/div><\/div>\n    <\/div>\n<\/div>\n\n\n\n<\/div><div class=\"bde-accordion__content-wrapper-483-410 bde-accordion__content-wrapper\">\n<h3 class=\"bde-accordion__title-tag\">\n  <button type=\"button\" class=\"bde-accordion__button\" id=\"accordion-button-410\" aria-controls=\"accordion-panel-410\" aria-expanded=\"false\">\n     <span class=\"bde-accordion__title\" >2. Telefonische Bedarfsanalyse<\/span>\n     <span class=\"bde-accordion__icon bde-accordion__icon--default\"><\/span>\n     <span class=\"bde-accordion__icon bde-accordion__icon--active\"><\/span>\n  <\/button>\n<\/h3>\n\n<div role=\"region\" class=\"bde-accordion__panel\" id=\"accordion-panel-410\" aria-labelledby=\"accordion-button-410\">\n    <div class=\"bde-accordion__panel-content\">\n        <div class=\"bde-columns-483-411 bde-columns\"><div class=\"bde-column-483-412 bde-column\">\n  \n  \n\t\n\n\n\n<div class=\"bde-div-483-413 bde-div\">\n  \n  \n\t\n\n\n\n<div class=\"bde-text-483-414 bde-text\">\nSchritt #2\n<\/div>\n<\/div><h1 class=\"bde-heading-483-415 bde-heading\">\nBedarfsanalyse in einem kurzen Telefongespr\u00e4ch\n<\/h1><div class=\"bde-text-483-416 bde-text\">\nWir pr\u00fcfen Ihr Dach, Ihren Verbrauch und Ihre W\u00fcnsche \u2013 damit alles exakt zu Ihnen Vorstellungen und m\u00f6glichen Ver\u00e4nderungen in der Zukunft passt.\n<\/div>\n<\/div><div class=\"bde-column-483-417 bde-column\">\n  \n  \n\t\n\n\n\n<div class=\"bde-image-483-418 bde-image\">\n<figure class=\"breakdance-image breakdance-image--224\">\n\t<div class=\"breakdance-image-container\">\n\t\t<div class=\"breakdance-image-clip\"><img loading=\"lazy\" decoding=\"async\" class=\"breakdance-image-object\" src=\"https:\/\/sonnen-energie.de\/wp-content\/uploads\/2025\/05\/Photovoltaik-Allgaeu-High-End-Solaranlagen-.png\" width=\"1536\" height=\"1024\" srcset=\"https:\/\/sonnen-energie.de\/wp-content\/uploads\/2025\/05\/Photovoltaik-Allgaeu-High-End-Solaranlagen-.png 1536w, https:\/\/sonnen-energie.de\/wp-content\/uploads\/2025\/05\/Photovoltaik-Allgaeu-High-End-Solaranlagen--300x200.png 300w, https:\/\/sonnen-energie.de\/wp-content\/uploads\/2025\/05\/Photovoltaik-Allgaeu-High-End-Solaranlagen--1024x683.png 1024w, https:\/\/sonnen-energie.de\/wp-content\/uploads\/2025\/05\/Photovoltaik-Allgaeu-High-End-Solaranlagen--768x512.png 768w\" sizes=\"auto, (max-width: 1536px) 100vw, 1536px\"><\/div>\n\t<\/div><\/figure>\n\n<\/div>\n<\/div><\/div>\n    <\/div>\n<\/div>\n\n\n\n<\/div><div class=\"bde-accordion__content-wrapper-483-419 bde-accordion__content-wrapper\">\n<h3 class=\"bde-accordion__title-tag\">\n  <button type=\"button\" class=\"bde-accordion__button\" id=\"accordion-button-419\" aria-controls=\"accordion-panel-419\" aria-expanded=\"false\">\n     <span class=\"bde-accordion__title\" >3. Pers\u00f6nlicher Beratungs- & Planungstermin<\/span>\n     <span class=\"bde-accordion__icon bde-accordion__icon--default\"><\/span>\n     <span class=\"bde-accordion__icon bde-accordion__icon--active\"><\/span>\n  <\/button>\n<\/h3>\n\n<div role=\"region\" class=\"bde-accordion__panel\" id=\"accordion-panel-419\" aria-labelledby=\"accordion-button-419\">\n    <div class=\"bde-accordion__panel-content\">\n        <div class=\"bde-columns-483-420 bde-columns\"><div class=\"bde-column-483-421 bde-column\">\n  \n  \n\t\n\n\n\n<div class=\"bde-div-483-422 bde-div\">\n  \n  \n\t\n\n\n\n<div class=\"bde-text-483-423 bde-text\">\nSchritt #3\n<\/div>\n<\/div><h1 class=\"bde-heading-483-424 bde-heading\">\nPers\u00f6nlicher Planungs- & Beratungstermin\n<\/h1><div class=\"bde-text-483-425 bde-text\">\nWir kommen bei Ihnen vorbei und fertigen ein individuelles Energiekonzept, ma\u00dfgeschneidert f\u00fcr Ihre Immobilie. Au\u00dferdem erhalten Sie eine genaue Wirtschaftlichkeitsberechnung und ein unverbindliches Angebot zugeschnitten auf Ihre W\u00fcnsche.\u00a0\n<\/div>\n<\/div><div class=\"bde-column-483-426 bde-column\">\n  \n  \n\t\n\n\n\n<div class=\"bde-image-483-427 bde-image\">\n<figure class=\"breakdance-image breakdance-image--223\">\n\t<div class=\"breakdance-image-container\">\n\t\t<div class=\"breakdance-image-clip\"><img loading=\"lazy\" decoding=\"async\" class=\"breakdance-image-object\" src=\"https:\/\/sonnen-energie.de\/wp-content\/uploads\/2025\/05\/Photovoltaik-Allgaeu-\u2013-Kostenlose-PLanung.png\" width=\"1536\" height=\"1024\" srcset=\"https:\/\/sonnen-energie.de\/wp-content\/uploads\/2025\/05\/Photovoltaik-Allgaeu-\u2013-Kostenlose-PLanung.png 1536w, https:\/\/sonnen-energie.de\/wp-content\/uploads\/2025\/05\/Photovoltaik-Allgaeu-\u2013-Kostenlose-PLanung-300x200.png 300w, https:\/\/sonnen-energie.de\/wp-content\/uploads\/2025\/05\/Photovoltaik-Allgaeu-\u2013-Kostenlose-PLanung-1024x683.png 1024w, https:\/\/sonnen-energie.de\/wp-content\/uploads\/2025\/05\/Photovoltaik-Allgaeu-\u2013-Kostenlose-PLanung-768x512.png 768w\" sizes=\"auto, (max-width: 1536px) 100vw, 1536px\"><\/div>\n\t<\/div><\/figure>\n\n<\/div>\n<\/div><\/div>\n    <\/div>\n<\/div>\n\n\n\n<\/div><div class=\"bde-accordion__content-wrapper-483-428 bde-accordion__content-wrapper\">\n<h3 class=\"bde-accordion__title-tag\">\n  <button type=\"button\" class=\"bde-accordion__button\" id=\"accordion-button-428\" aria-controls=\"accordion-panel-428\" aria-expanded=\"false\">\n     <span class=\"bde-accordion__title\" >4. Montagetermin<\/span>\n     <span class=\"bde-accordion__icon bde-accordion__icon--default\"><\/span>\n     <span class=\"bde-accordion__icon bde-accordion__icon--active\"><\/span>\n  <\/button>\n<\/h3>\n\n<div role=\"region\" class=\"bde-accordion__panel\" id=\"accordion-panel-428\" aria-labelledby=\"accordion-button-428\">\n    <div class=\"bde-accordion__panel-content\">\n        <div class=\"bde-columns-483-429 bde-columns\"><div class=\"bde-column-483-430 bde-column\">\n  \n  \n\t\n\n\n\n<div class=\"bde-div-483-431 bde-div\">\n  \n  \n\t\n\n\n\n<div class=\"bde-text-483-432 bde-text\">\nSchritt #4\n<\/div>\n<\/div><h1 class=\"bde-heading-483-433 bde-heading\">\nPers\u00f6nlicher Planungs- & Beratungstermin\n<\/h1><div class=\"bde-text-483-434 bde-text\">\nSie haben sich entschieden? Unsere Profis montieren Ihre Anlage zuverl\u00e4ssig zum vereinbarten Termin. Fachgerecht & Schnell. Innerhalb eines Tages ist Ihre Montage nicht nur montiert, sondern am Netz.\u00a0\n<\/div>\n<\/div><div class=\"bde-column-483-435 bde-column\">\n  \n  \n\t\n\n\n\n<div class=\"bde-image-483-436 bde-image\">\n<figure class=\"breakdance-image breakdance-image--225\">\n\t<div class=\"breakdance-image-container\">\n\t\t<div class=\"breakdance-image-clip\"><img loading=\"lazy\" decoding=\"async\" class=\"breakdance-image-object\" src=\"https:\/\/sonnen-energie.de\/wp-content\/uploads\/2025\/05\/Photovoltaik-Montage-Allgaeu-.png\" width=\"1536\" height=\"1024\" srcset=\"https:\/\/sonnen-energie.de\/wp-content\/uploads\/2025\/05\/Photovoltaik-Montage-Allgaeu-.png 1536w, https:\/\/sonnen-energie.de\/wp-content\/uploads\/2025\/05\/Photovoltaik-Montage-Allgaeu--300x200.png 300w, https:\/\/sonnen-energie.de\/wp-content\/uploads\/2025\/05\/Photovoltaik-Montage-Allgaeu--1024x683.png 1024w, https:\/\/sonnen-energie.de\/wp-content\/uploads\/2025\/05\/Photovoltaik-Montage-Allgaeu--768x512.png 768w\" sizes=\"auto, (max-width: 1536px) 100vw, 1536px\"><\/div>\n\t<\/div><\/figure>\n\n<\/div>\n<\/div><\/div>\n    <\/div>\n<\/div>\n\n\n\n<\/div>\r\n\r\n<\/div><\/div>\n<\/section><section class=\"bde-section-483-355 bde-section\">\n              \n  \n  \n\t\n\n  <div class=\"section-background-overlay\"><\/div>\n\n\n<div class=\"section-container\"><div class=\"bde-columns-483-356 bde-columns\"><div class=\"bde-column-483-357 bde-column\">\n  \n  \n\t\n\n\n\n<div class=\"bde-columns-483-358 bde-columns\"><div class=\"bde-column-483-359 bde-column\">\n  \n  \n\t\n\n\n\n<div class=\"bde-div-483-360 bde-div\" data-entrance=\"slideUp\">\n  \n  \n\t\n\n\n\n<div class=\"bde-text-483-361 bde-text\">\nUnsere Hauptstandort\n<\/div>\n<\/div><h1 class=\"bde-heading-483-362 bde-heading\" data-entrance=\"slideUp\">\nBesuchen Sie uns in Sonthofen\u00a0\n<\/h1>\n<\/div><div class=\"bde-column-483-364 bde-column\">\n  \n  \n\t\n\n\n\n\n<\/div><\/div>\n<\/div><\/div><div class=\"bde-columns-483-365 bde-columns\"><div class=\"bde-column-483-366 bde-column\" data-entrance=\"slideUp\">\n  \n  \n\t\n\n\n\n<div class=\"bde-google-map-483-391 bde-google-map\">\r\n<iframe width=\"100%\" height=\"100%\" style=\"border:0\" loading=\"lazy\" title=\"Map\" src=\"https:\/\/maps.google.com\/maps?q=Sonnenenergie+Allg%C3%A4u+GmbH&t=m&z=14&output=embed&iwloc=near\" allowfullscreen><\/iframe>\n<\/div>\n<\/div><div class=\"bde-column-483-375 bde-column\">\n  \n  \n\t\n\n\n\n<div class=\"bde-div-483-376 bde-div\" data-entrance=\"slideUp\">\n              \n  \n  \n\t\n\n  <div class=\"section-background-overlay\"><\/div>\n\n\n<div class=\"bde-div-483-377 bde-div\">\n  \n  \n\t\n\n\n\n<div class=\"bde-text-483-378 bde-text\">\nStandort Sonthofen\n<\/div>\n<\/div><h1 class=\"bde-heading-483-379 bde-heading\">\nMittagstra\u00dfe 19b, 87527 Sonthofen\n<\/h1><div class=\"bde-text-483-380 bde-text\">\nBesuchen Sie uns gerne zu unseren \u00d6ffnungszeiten. Montag bis Freitag 09:00 - 17:00 Uhr\n<\/div>\n<\/div><div class=\"bde-div-483-381 bde-div\" data-entrance=\"slideUp\">\n              \n  \n  \n\t\n\n  <div class=\"section-background-overlay\"><\/div>\n\n\n<div class=\"bde-div-483-382 bde-div\">\n  \n  \n\t\n\n\n\n<div class=\"bde-text-483-383 bde-text\">\nTelefon\n<\/div>\n<\/div><h1 class=\"bde-heading-483-384 bde-heading\">\n+49 (0) 8321 788 2593\n<\/h1><div class=\"bde-text-483-385 bde-text\">\nDirekt mit uns sprechen? Einfach anrufen und wir verbinden Sie zum richtigen Berater.\n<\/div>\n<\/div><div class=\"bde-div-483-386 bde-div\" data-entrance=\"slideUp\">\n              \n  \n  \n\t\n\n  <div class=\"section-background-overlay\"><\/div>\n\n\n<div class=\"bde-div-483-387 bde-div\">\n  \n  \n\t\n\n\n\n<div class=\"bde-text-483-388 bde-text\">\nE-Mail\n<\/div>\n<\/div><h1 class=\"bde-heading-483-389 bde-heading\">\nmeine@sonnen-energie.de\n<\/h1><div class=\"bde-text-483-390 bde-text\">\nGerne erreichen Sie uns auch klassisch mit einer netten Nachricht per E-Mal.\n<\/div>\n<\/div>\n<\/div><\/div><\/div>\n<\/section>","protected":false},"excerpt":{"rendered":"<p>Mit wenigen Klicks anfragen Jetzt Angebot &#038; Expertenberatung sichern Au\u00dferdem erhalten Sie eine exakte Wirtschaftlichkeitsberechnung inklusive Solarplanung \u2013 ma\u00dfgeschneidert f\u00fcr Ihre Immobilie. In 4 Schritten unabh\u00e4ngig Ihr Weg zur High-End Energiel\u00f6sung Bei uns ist alles unverbindlich \u2013 Nach Ihrer Anfrage und Beratung erhalten Sie ein Energiekonzept. Anschlie\u00dfend wissen Sie genau, wie viel Sie sparen k\u00f6nnen.\u00a0 [&hellip;]<\/p>\n","protected":false},"author":1,"featured_media":0,"parent":0,"menu_order":0,"comment_status":"closed","ping_status":"closed","template":"","meta":{"_acf_changed":false,"_breakdance_hide_in_design_set":false,"_breakdance_tags":"","footnotes":""},"class_list":["post-483","page","type-page","status-publish","hentry"],"acf":[],"yoast_head":"<title>Kontakt \u2013 Photovoltaik Anbieter in der N\u00e4he<\/title>\n<meta name=\"description\" content=\"Nehmen Sie Kontakt auf mit Sonnen-Energie GmbH, Ihrem Photovoltaik Anbieter in der N\u00e4he im Allg\u00e4u. Wir beraten Sie zu Solaranlagen, Photovoltaikanlagen und Service.\" \/>\n<meta name=\"robots\" content=\"index, follow, max-snippet:-1, max-image-preview:large, max-video-preview:-1\" \/>\n<link rel=\"canonical\" href=\"https:\/\/sonnen-energie.de\/en\/contact\/\" \/>\n<meta property=\"og:locale\" content=\"en_GB\" \/>\n<meta property=\"og:type\" content=\"article\" \/>\n<meta property=\"og:title\" content=\"Kontakt \u2013 Photovoltaik Anbieter in der N\u00e4he\" \/>\n<meta property=\"og:description\" content=\"Nehmen Sie Kontakt auf mit Sonnen-Energie GmbH, Ihrem Photovoltaik Anbieter in der N\u00e4he im Allg\u00e4u. Wir beraten Sie zu Solaranlagen, Photovoltaikanlagen und Service.\" \/>\n<meta property=\"og:url\" content=\"https:\/\/sonnen-energie.de\/en\/contact\/\" \/>\n<meta property=\"og:site_name\" content=\"Sonnen-Energie GmbH\" \/>\n<meta property=\"article:modified_time\" content=\"2025-06-06T07:23:04+00:00\" \/>\n<meta name=\"twitter:card\" content=\"summary_large_image\" \/>\n<meta name=\"twitter:label1\" content=\"Estimated reading time\" \/>\n\t<meta name=\"twitter:data1\" content=\"3 minutes\" \/>\n<script type=\"application\/ld+json\" class=\"yoast-schema-graph\">{\"@context\":\"https:\/\/schema.org\",\"@graph\":[{\"@type\":\"WebPage\",\"@id\":\"https:\/\/sonnen-energie.de\/kontakt\/\",\"url\":\"https:\/\/sonnen-energie.de\/kontakt\/\",\"name\":\"Kontakt \u2013 Photovoltaik Anbieter in der N\u00e4he\",\"isPartOf\":{\"@id\":\"https:\/\/sonnen-energie.de\/#website\"},\"datePublished\":\"2025-05-28T06:25:51+00:00\",\"dateModified\":\"2025-06-06T07:23:04+00:00\",\"description\":\"Nehmen Sie Kontakt auf mit Sonnen-Energie GmbH, Ihrem Photovoltaik Anbieter in der N\u00e4he im Allg\u00e4u. Wir beraten Sie zu Solaranlagen, Photovoltaikanlagen und Service.\",\"breadcrumb\":{\"@id\":\"https:\/\/sonnen-energie.de\/kontakt\/#breadcrumb\"},\"inLanguage\":\"en-GB\",\"potentialAction\":[{\"@type\":\"ReadAction\",\"target\":[\"https:\/\/sonnen-energie.de\/kontakt\/\"]}]},{\"@type\":\"BreadcrumbList\",\"@id\":\"https:\/\/sonnen-energie.de\/kontakt\/#breadcrumb\",\"itemListElement\":[{\"@type\":\"ListItem\",\"position\":1,\"name\":\"Startseite\",\"item\":\"https:\/\/sonnen-energie.de\/\"},{\"@type\":\"ListItem\",\"position\":2,\"name\":\"Kontakt\"}]},{\"@type\":\"WebSite\",\"@id\":\"https:\/\/sonnen-energie.de\/#website\",\"url\":\"https:\/\/sonnen-energie.de\/\",\"name\":\"Sonnen-Energie GmbH\",\"description\":\"\",\"potentialAction\":[{\"@type\":\"SearchAction\",\"target\":{\"@type\":\"EntryPoint\",\"urlTemplate\":\"https:\/\/sonnen-energie.de\/?s={search_term_string}\"},\"query-input\":{\"@type\":\"PropertyValueSpecification\",\"valueRequired\":true,\"valueName\":\"search_term_string\"}}],\"inLanguage\":\"en-GB\"}]}<\/script>","yoast_head_json":{"title":"Contact - Photovoltaic provider in the neighbourhood","description":"Get in touch with Sonnen-Energie GmbH, your photovoltaic provider near you in the Allg\u00e4u. We can advise you on solar systems, photovoltaic systems and service.","robots":{"index":"index","follow":"follow","max-snippet":"max-snippet:-1","max-image-preview":"max-image-preview:large","max-video-preview":"max-video-preview:-1"},"canonical":"https:\/\/sonnen-energie.de\/en\/contact\/","og_locale":"en_GB","og_type":"article","og_title":"Kontakt \u2013 Photovoltaik Anbieter in der N\u00e4he","og_description":"Nehmen Sie Kontakt auf mit Sonnen-Energie GmbH, Ihrem Photovoltaik Anbieter in der N\u00e4he im Allg\u00e4u. Wir beraten Sie zu Solaranlagen, Photovoltaikanlagen und Service.","og_url":"https:\/\/sonnen-energie.de\/en\/contact\/","og_site_name":"Sonnen-Energie GmbH","article_modified_time":"2025-06-06T07:23:04+00:00","twitter_card":"summary_large_image","twitter_misc":{"Estimated reading time":"3 minutes"},"schema":{"@context":"https:\/\/schema.org","@graph":[{"@type":"WebPage","@id":"https:\/\/sonnen-energie.de\/kontakt\/","url":"https:\/\/sonnen-energie.de\/kontakt\/","name":"Contact - Photovoltaic provider in the neighbourhood","isPartOf":{"@id":"https:\/\/sonnen-energie.de\/#website"},"datePublished":"2025-05-28T06:25:51+00:00","dateModified":"2025-06-06T07:23:04+00:00","description":"Get in touch with Sonnen-Energie GmbH, your photovoltaic provider near you in the Allg\u00e4u. We can advise you on solar systems, photovoltaic systems and service.","breadcrumb":{"@id":"https:\/\/sonnen-energie.de\/kontakt\/#breadcrumb"},"inLanguage":"en-GB","potentialAction":[{"@type":"ReadAction","target":["https:\/\/sonnen-energie.de\/kontakt\/"]}]},{"@type":"BreadcrumbList","@id":"https:\/\/sonnen-energie.de\/kontakt\/#breadcrumb","itemListElement":[{"@type":"ListItem","position":1,"name":"Startseite","item":"https:\/\/sonnen-energie.de\/"},{"@type":"ListItem","position":2,"name":"Kontakt"}]},{"@type":"WebSite","@id":"https:\/\/sonnen-energie.de\/#website","url":"https:\/\/sonnen-energie.de\/","name":"Sonnen-Energie GmbH","description":"","potentialAction":[{"@type":"SearchAction","target":{"@type":"EntryPoint","urlTemplate":"https:\/\/sonnen-energie.de\/?s={search_term_string}"},"query-input":{"@type":"PropertyValueSpecification","valueRequired":true,"valueName":"search_term_string"}}],"inLanguage":"en-GB"}]}},"_links":{"self":[{"href":"https:\/\/sonnen-energie.de\/en\/wp-json\/wp\/v2\/pages\/483","targetHints":{"allow":["GET"]}}],"collection":[{"href":"https:\/\/sonnen-energie.de\/en\/wp-json\/wp\/v2\/pages"}],"about":[{"href":"https:\/\/sonnen-energie.de\/en\/wp-json\/wp\/v2\/types\/page"}],"author":[{"embeddable":true,"href":"https:\/\/sonnen-energie.de\/en\/wp-json\/wp\/v2\/users\/1"}],"replies":[{"embeddable":true,"href":"https:\/\/sonnen-energie.de\/en\/wp-json\/wp\/v2\/comments?post=483"}],"version-history":[{"count":37,"href":"https:\/\/sonnen-energie.de\/en\/wp-json\/wp\/v2\/pages\/483\/revisions"}],"predecessor-version":[{"id":725,"href":"https:\/\/sonnen-energie.de\/en\/wp-json\/wp\/v2\/pages\/483\/revisions\/725"}],"wp:attachment":[{"href":"https:\/\/sonnen-energie.de\/en\/wp-json\/wp\/v2\/media?parent=483"}],"curies":[{"name":"wp","href":"https:\/\/api.w.org\/{rel}","templated":true}]}}