{"id":900,"date":"2026-01-29T13:28:55","date_gmt":"2026-01-29T13:28:55","guid":{"rendered":"https:\/\/sonnen-energie.de\/?page_id=900"},"modified":"2026-01-29T13:36:55","modified_gmt":"2026-01-29T13:36:55","slug":"thank-you","status":"publish","type":"page","link":"https:\/\/sonnen-energie.de\/en\/thank-you\/","title":{"rendered":"Thank you"},"content":{"rendered":"<section class=\"bde-section-900-100 bde-section\">\n  \n  \n\t\n\n\n\n<div class=\"section-container\"><h1 class=\"bde-heading-900-101 bde-heading\">\nWe have received your application and thank you for your interest \u2600\ufe0f\n<\/h1><h1 class=\"bde-heading-900-102 bde-heading\">\nWhat happens now?\n<\/h1><div class=\"bde-text-900-103 bde-text\">\nWe will take a close look at your answers over the next few days. If your profile matches our tasks, we will contact you shortly to arrange an appointment for an initial meeting\n<\/div><div class=\"bde-div-900-104 bde-div\">\n  \n  \n\t\n\n\n\n<img decoding=\"async\" class=\"bde-image2-900-105 bde-image2\" src=\"https:\/\/sonnen-energie.de\/wp-content\/uploads\/2024\/12\/Sonnen-Energie-GmbH-Photovoltaikanlagen-Waermepumpen-und-Energiloesungen.09.25-1.jpg\" loading=\"lazy\" srcset=\"https:\/\/sonnen-energie.de\/wp-content\/uploads\/2024\/12\/Sonnen-Energie-GmbH-Photovoltaikanlagen-Waermepumpen-und-Energiloesungen.09.25-1.jpg 1200w, https:\/\/sonnen-energie.de\/wp-content\/uploads\/2024\/12\/Sonnen-Energie-GmbH-Photovoltaikanlagen-Waermepumpen-und-Energiloesungen.09.25-1-300x200.jpg 300w, https:\/\/sonnen-energie.de\/wp-content\/uploads\/2024\/12\/Sonnen-Energie-GmbH-Photovoltaikanlagen-Waermepumpen-und-Energiloesungen.09.25-1-1024x683.jpg 1024w, https:\/\/sonnen-energie.de\/wp-content\/uploads\/2024\/12\/Sonnen-Energie-GmbH-Photovoltaikanlagen-Waermepumpen-und-Energiloesungen.09.25-1-768x512.jpg 768w\" sizes=\"(max-width: 1200px) 100vw, 1200px\"><div class=\"bde-text-900-106 bde-text\">\n<b>Sunny greetings<br><\/b>Florian Gabler\n<\/div>\n<\/div><\/div>\n<\/section>","protected":false},"excerpt":{"rendered":"<p>We have received your application and thank you for your interest \u2600\ufe0f What happens now? We will take a close look at your answers over the next few days. If your profile matches our tasks, we will contact you shortly to arrange an appointment to get to know you Sunny regardsFlorian Gabler<\/p>","protected":false},"author":1,"featured_media":0,"parent":0,"menu_order":0,"comment_status":"closed","ping_status":"closed","template":"","meta":{"_acf_changed":false,"_breakdance_hide_in_design_set":false,"_breakdance_tags":"","footnotes":""},"class_list":["post-900","page","type-page","status-publish","hentry"],"acf":[],"yoast_head":"<title>Thank you - Sonnen-Energie GmbH<\/title>\n<meta name=\"robots\" content=\"index, follow, max-snippet:-1, max-image-preview:large, max-video-preview:-1\" \/>\n<link rel=\"canonical\" href=\"https:\/\/sonnen-energie.de\/en\/thank-you\/\" \/>\n<meta property=\"og:locale\" content=\"en_GB\" \/>\n<meta property=\"og:type\" content=\"article\" \/>\n<meta property=\"og:title\" content=\"Thank you - Sonnen-Energie GmbH\" \/>\n<meta property=\"og:description\" content=\"Wir haben Ihre Bewerbung erhalten und bedanken uns f\u00fcr Ihr Interesse \u2600\ufe0f Wie gehts es jetzt weiter? Wir schauen uns deine Antworten in den n\u00e4chsten Tagen genau an. Wenn dein Profil zu unseren Aufgaben passt, melden wir uns kurzfristig bei dir, um einen Termin f\u00fcr ein erstes Kennenlernen zu vereinbaren Sonnige Gr\u00fc\u00dfeFlorian Gabler\" \/>\n<meta property=\"og:url\" content=\"https:\/\/sonnen-energie.de\/en\/thank-you\/\" \/>\n<meta property=\"og:site_name\" content=\"Sonnen-Energie GmbH\" \/>\n<meta property=\"article:modified_time\" content=\"2026-01-29T13:36:55+00:00\" \/>\n<meta name=\"twitter:card\" content=\"summary_large_image\" \/>\n<script type=\"application\/ld+json\" class=\"yoast-schema-graph\">{\"@context\":\"https:\/\/schema.org\",\"@graph\":[{\"@type\":\"WebPage\",\"@id\":\"https:\/\/sonnen-energie.de\/thank-you\/\",\"url\":\"https:\/\/sonnen-energie.de\/thank-you\/\",\"name\":\"Thank you - Sonnen-Energie GmbH\",\"isPartOf\":{\"@id\":\"https:\/\/sonnen-energie.de\/#website\"},\"datePublished\":\"2026-01-29T13:28:55+00:00\",\"dateModified\":\"2026-01-29T13:36:55+00:00\",\"breadcrumb\":{\"@id\":\"https:\/\/sonnen-energie.de\/thank-you\/#breadcrumb\"},\"inLanguage\":\"en-GB\",\"potentialAction\":[{\"@type\":\"ReadAction\",\"target\":[\"https:\/\/sonnen-energie.de\/thank-you\/\"]}]},{\"@type\":\"BreadcrumbList\",\"@id\":\"https:\/\/sonnen-energie.de\/thank-you\/#breadcrumb\",\"itemListElement\":[{\"@type\":\"ListItem\",\"position\":1,\"name\":\"Startseite\",\"item\":\"https:\/\/sonnen-energie.de\/\"},{\"@type\":\"ListItem\",\"position\":2,\"name\":\"Thank you\"}]},{\"@type\":\"WebSite\",\"@id\":\"https:\/\/sonnen-energie.de\/#website\",\"url\":\"https:\/\/sonnen-energie.de\/\",\"name\":\"Sonnen-Energie GmbH\",\"description\":\"\",\"potentialAction\":[{\"@type\":\"SearchAction\",\"target\":{\"@type\":\"EntryPoint\",\"urlTemplate\":\"https:\/\/sonnen-energie.de\/?s={search_term_string}\"},\"query-input\":{\"@type\":\"PropertyValueSpecification\",\"valueRequired\":true,\"valueName\":\"search_term_string\"}}],\"inLanguage\":\"en-GB\"}]}<\/script>","yoast_head_json":{"title":"Thank you - Sonnen-Energie GmbH","robots":{"index":"index","follow":"follow","max-snippet":"max-snippet:-1","max-image-preview":"max-image-preview:large","max-video-preview":"max-video-preview:-1"},"canonical":"https:\/\/sonnen-energie.de\/en\/thank-you\/","og_locale":"en_GB","og_type":"article","og_title":"Thank you - Sonnen-Energie GmbH","og_description":"Wir haben Ihre Bewerbung erhalten und bedanken uns f\u00fcr Ihr Interesse \u2600\ufe0f Wie gehts es jetzt weiter? Wir schauen uns deine Antworten in den n\u00e4chsten Tagen genau an. Wenn dein Profil zu unseren Aufgaben passt, melden wir uns kurzfristig bei dir, um einen Termin f\u00fcr ein erstes Kennenlernen zu vereinbaren Sonnige Gr\u00fc\u00dfeFlorian Gabler","og_url":"https:\/\/sonnen-energie.de\/en\/thank-you\/","og_site_name":"Sonnen-Energie GmbH","article_modified_time":"2026-01-29T13:36:55+00:00","twitter_card":"summary_large_image","schema":{"@context":"https:\/\/schema.org","@graph":[{"@type":"WebPage","@id":"https:\/\/sonnen-energie.de\/thank-you\/","url":"https:\/\/sonnen-energie.de\/thank-you\/","name":"Thank you - Sonnen-Energie GmbH","isPartOf":{"@id":"https:\/\/sonnen-energie.de\/#website"},"datePublished":"2026-01-29T13:28:55+00:00","dateModified":"2026-01-29T13:36:55+00:00","breadcrumb":{"@id":"https:\/\/sonnen-energie.de\/thank-you\/#breadcrumb"},"inLanguage":"en-GB","potentialAction":[{"@type":"ReadAction","target":["https:\/\/sonnen-energie.de\/thank-you\/"]}]},{"@type":"BreadcrumbList","@id":"https:\/\/sonnen-energie.de\/thank-you\/#breadcrumb","itemListElement":[{"@type":"ListItem","position":1,"name":"Startseite","item":"https:\/\/sonnen-energie.de\/"},{"@type":"ListItem","position":2,"name":"Thank you"}]},{"@type":"WebSite","@id":"https:\/\/sonnen-energie.de\/#website","url":"https:\/\/sonnen-energie.de\/","name":"Sonnen-Energie GmbH","description":"","potentialAction":[{"@type":"SearchAction","target":{"@type":"EntryPoint","urlTemplate":"https:\/\/sonnen-energie.de\/?s={search_term_string}"},"query-input":{"@type":"PropertyValueSpecification","valueRequired":true,"valueName":"search_term_string"}}],"inLanguage":"en-GB"}]}},"_links":{"self":[{"href":"https:\/\/sonnen-energie.de\/en\/wp-json\/wp\/v2\/pages\/900","targetHints":{"allow":["GET"]}}],"collection":[{"href":"https:\/\/sonnen-energie.de\/en\/wp-json\/wp\/v2\/pages"}],"about":[{"href":"https:\/\/sonnen-energie.de\/en\/wp-json\/wp\/v2\/types\/page"}],"author":[{"embeddable":true,"href":"https:\/\/sonnen-energie.de\/en\/wp-json\/wp\/v2\/users\/1"}],"replies":[{"embeddable":true,"href":"https:\/\/sonnen-energie.de\/en\/wp-json\/wp\/v2\/comments?post=900"}],"version-history":[{"count":2,"href":"https:\/\/sonnen-energie.de\/en\/wp-json\/wp\/v2\/pages\/900\/revisions"}],"predecessor-version":[{"id":902,"href":"https:\/\/sonnen-energie.de\/en\/wp-json\/wp\/v2\/pages\/900\/revisions\/902"}],"wp:attachment":[{"href":"https:\/\/sonnen-energie.de\/en\/wp-json\/wp\/v2\/media?parent=900"}],"curies":[{"name":"wp","href":"https:\/\/api.w.org\/{rel}","templated":true}]}}