{"id":900,"date":"2026-01-29T13:28:55","date_gmt":"2026-01-29T13:28:55","guid":{"rendered":"https:\/\/sonnen-energie.de\/?page_id=900"},"modified":"2026-01-29T13:36:55","modified_gmt":"2026-01-29T13:36:55","slug":"%e0%b8%82%e0%b8%ad%e0%b8%9a%e0%b8%84%e0%b8%b8%e0%b8%93","status":"publish","type":"page","link":"https:\/\/sonnen-energie.de\/th\/thank-you\/","title":{"rendered":"\u0e02\u0e2d\u0e1a\u0e04\u0e38\u0e13"},"content":{"rendered":"<section class=\"bde-section-900-100 bde-section\">\n  \n  \n\t\n\n\n\n<div class=\"section-container\"><h1 class=\"bde-heading-900-101 bde-heading\">\n\u0e40\u0e23\u0e32\u0e44\u0e14\u0e49\u0e23\u0e31\u0e1a\u0e43\u0e1a\u0e2a\u0e21\u0e31\u0e04\u0e23\u0e02\u0e2d\u0e07\u0e04\u0e38\u0e13\u0e41\u0e25\u0e49\u0e27 \u0e41\u0e25\u0e30\u0e02\u0e2d\u0e02\u0e2d\u0e1a\u0e04\u0e38\u0e13\u0e17\u0e35\u0e48\u0e04\u0e38\u0e13\u0e43\u0e2b\u0e49\u0e04\u0e27\u0e32\u0e21\u0e2a\u0e19\u0e43\u0e08 \u2600\ufe0f\n<\/h1><h1 class=\"bde-heading-900-102 bde-heading\">\n\u0e2d\u0e30\u0e44\u0e23\u0e08\u0e30\u0e40\u0e01\u0e34\u0e14\u0e02\u0e36\u0e49\u0e19\u0e15\u0e48\u0e2d\u0e44\u0e1b?\n<\/h1><div class=\"bde-text-900-103 bde-text\">\n\u0e40\u0e23\u0e32\u0e08\u0e30\u0e15\u0e23\u0e27\u0e08\u0e2a\u0e2d\u0e1a\u0e04\u0e33\u0e15\u0e2d\u0e1a\u0e02\u0e2d\u0e07\u0e04\u0e38\u0e13\u0e2d\u0e22\u0e48\u0e32\u0e07\u0e25\u0e30\u0e40\u0e2d\u0e35\u0e22\u0e14\u0e43\u0e19\u0e2d\u0e35\u0e01\u0e44\u0e21\u0e48\u0e01\u0e35\u0e48\u0e27\u0e31\u0e19\u0e02\u0e49\u0e32\u0e07\u0e2b\u0e19\u0e49\u0e32 \u0e2b\u0e32\u0e01\u0e42\u0e1b\u0e23\u0e44\u0e1f\u0e25\u0e4c\u0e02\u0e2d\u0e07\u0e04\u0e38\u0e13\u0e15\u0e23\u0e07\u0e15\u0e32\u0e21\u0e02\u0e49\u0e2d\u0e01\u0e33\u0e2b\u0e19\u0e14\u0e02\u0e2d\u0e07\u0e40\u0e23\u0e32 \u0e40\u0e23\u0e32\u0e08\u0e30\u0e15\u0e34\u0e14\u0e15\u0e48\u0e2d\u0e04\u0e38\u0e13\u0e43\u0e19\u0e40\u0e23\u0e47\u0e27 \u0e46 \u0e19\u0e35\u0e49\u0e40\u0e1e\u0e37\u0e48\u0e2d\u0e19\u0e31\u0e14\u0e2b\u0e21\u0e32\u0e22\u0e01\u0e32\u0e23\u0e1e\u0e1a\u0e1b\u0e30\u0e04\u0e23\u0e31\u0e49\u0e07\u0e41\u0e23\u0e01\n<\/div><div class=\"bde-div-900-104 bde-div\">\n  \n  \n\t\n\n\n\n<img decoding=\"async\" class=\"bde-image2-900-105 bde-image2\" src=\"https:\/\/sonnen-energie.de\/wp-content\/uploads\/2024\/12\/Sonnen-Energie-GmbH-Photovoltaikanlagen-Waermepumpen-und-Energiloesungen.09.25-1.jpg\" loading=\"lazy\" srcset=\"https:\/\/sonnen-energie.de\/wp-content\/uploads\/2024\/12\/Sonnen-Energie-GmbH-Photovoltaikanlagen-Waermepumpen-und-Energiloesungen.09.25-1.jpg 1200w, https:\/\/sonnen-energie.de\/wp-content\/uploads\/2024\/12\/Sonnen-Energie-GmbH-Photovoltaikanlagen-Waermepumpen-und-Energiloesungen.09.25-1-300x200.jpg 300w, https:\/\/sonnen-energie.de\/wp-content\/uploads\/2024\/12\/Sonnen-Energie-GmbH-Photovoltaikanlagen-Waermepumpen-und-Energiloesungen.09.25-1-1024x683.jpg 1024w, https:\/\/sonnen-energie.de\/wp-content\/uploads\/2024\/12\/Sonnen-Energie-GmbH-Photovoltaikanlagen-Waermepumpen-und-Energiloesungen.09.25-1-768x512.jpg 768w\" sizes=\"(max-width: 1200px) 100vw, 1200px\"><div class=\"bde-text-900-106 bde-text\">\n<b>\u0e2a\u0e27\u0e31\u0e2a\u0e14\u0e35\u0e04\u0e23\u0e31\u0e1a\/\u0e04\u0e48\u0e30 \u0e17\u0e48\u0e32\u0e21\u0e01\u0e25\u0e32\u0e07\u0e41\u0e2a\u0e07\u0e41\u0e14\u0e14\u0e2a\u0e14\u0e43\u0e2a<br><\/b>\u0e1f\u0e25\u0e2d\u0e40\u0e23\u0e35\u0e22\u0e19 \u0e01\u0e32\u0e1a\u0e40\u0e25\u0e2d\u0e23\u0e4c\n<\/div>\n<\/div><\/div>\n<\/section>","protected":false},"excerpt":{"rendered":"<p>\u0e40\u0e23\u0e32\u0e44\u0e14\u0e49\u0e23\u0e31\u0e1a\u0e43\u0e1a\u0e2a\u0e21\u0e31\u0e04\u0e23\u0e02\u0e2d\u0e07\u0e04\u0e38\u0e13\u0e41\u0e25\u0e49\u0e27 \u0e41\u0e25\u0e30\u0e02\u0e2d\u0e02\u0e2d\u0e1a\u0e04\u0e38\u0e13\u0e2a\u0e33\u0e2b\u0e23\u0e31\u0e1a\u0e04\u0e27\u0e32\u0e21\u0e2a\u0e19\u0e43\u0e08\u0e02\u0e2d\u0e07\u0e04\u0e38\u0e13 \u2600\ufe0f \u0e2d\u0e30\u0e44\u0e23\u0e08\u0e30\u0e40\u0e01\u0e34\u0e14\u0e02\u0e36\u0e49\u0e19\u0e15\u0e48\u0e2d\u0e44\u0e1b? \u0e40\u0e23\u0e32\u0e08\u0e30\u0e15\u0e23\u0e27\u0e08\u0e2a\u0e2d\u0e1a\u0e04\u0e33\u0e15\u0e2d\u0e1a\u0e02\u0e2d\u0e07\u0e04\u0e38\u0e13\u0e2d\u0e22\u0e48\u0e32\u0e07\u0e25\u0e30\u0e40\u0e2d\u0e35\u0e22\u0e14\u0e43\u0e19\u0e2d\u0e35\u0e01\u0e44\u0e21\u0e48\u0e01\u0e35\u0e48\u0e27\u0e31\u0e19\u0e02\u0e49\u0e32\u0e07\u0e2b\u0e19\u0e49\u0e32 \u0e2b\u0e32\u0e01\u0e42\u0e1b\u0e23\u0e44\u0e1f\u0e25\u0e4c\u0e02\u0e2d\u0e07\u0e04\u0e38\u0e13\u0e15\u0e23\u0e07\u0e15\u0e32\u0e21\u0e02\u0e49\u0e2d\u0e01\u0e33\u0e2b\u0e19\u0e14\u0e02\u0e2d\u0e07\u0e40\u0e23\u0e32 \u0e40\u0e23\u0e32\u0e08\u0e30\u0e15\u0e34\u0e14\u0e15\u0e48\u0e2d\u0e04\u0e38\u0e13\u0e43\u0e19\u0e40\u0e23\u0e47\u0e27\u0e46 \u0e19\u0e35\u0e49\u0e40\u0e1e\u0e37\u0e48\u0e2d\u0e08\u0e31\u0e14\u0e19\u0e31\u0e14\u0e2b\u0e21\u0e32\u0e22\u0e2a\u0e33\u0e2b\u0e23\u0e31\u0e1a\u0e01\u0e32\u0e23\u0e1e\u0e1a\u0e1b\u0e30\u0e40\u0e1a\u0e37\u0e49\u0e2d\u0e07\u0e15\u0e49\u0e19 \u0e02\u0e2d\u0e41\u0e2a\u0e14\u0e07\u0e04\u0e27\u0e32\u0e21\u0e19\u0e31\u0e1a\u0e16\u0e37\u0e2d \u0e1f\u0e25\u0e2d\u0e40\u0e23\u0e35\u0e22\u0e19 \u0e01\u0e32\u0e40\u0e1a\u0e25\u0e2d\u0e23\u0e4c<\/p>","protected":false},"author":1,"featured_media":0,"parent":0,"menu_order":0,"comment_status":"closed","ping_status":"closed","template":"","meta":{"_acf_changed":false,"_breakdance_hide_in_design_set":false,"_breakdance_tags":"","footnotes":""},"class_list":["post-900","page","type-page","status-publish","hentry"],"acf":[],"yoast_head":"<title>Thank you - Sonnen-Energie GmbH<\/title>\n<meta name=\"robots\" content=\"index, follow, max-snippet:-1, max-image-preview:large, max-video-preview:-1\" \/>\n<link rel=\"canonical\" href=\"https:\/\/sonnen-energie.de\/th\/\u0e02\u0e2d\u0e1a\u0e04\u0e38\u0e13\/\" \/>\n<meta property=\"og:locale\" content=\"th_TH\" \/>\n<meta property=\"og:type\" content=\"article\" \/>\n<meta property=\"og:title\" content=\"Thank you - Sonnen-Energie GmbH\" \/>\n<meta property=\"og:description\" content=\"Wir haben Ihre Bewerbung erhalten und bedanken uns f\u00fcr Ihr Interesse \u2600\ufe0f Wie gehts es jetzt weiter? Wir schauen uns deine Antworten in den n\u00e4chsten Tagen genau an. Wenn dein Profil zu unseren Aufgaben passt, melden wir uns kurzfristig bei dir, um einen Termin f\u00fcr ein erstes Kennenlernen zu vereinbaren Sonnige Gr\u00fc\u00dfeFlorian Gabler\" \/>\n<meta property=\"og:url\" content=\"https:\/\/sonnen-energie.de\/th\/\u0e02\u0e2d\u0e1a\u0e04\u0e38\u0e13\/\" \/>\n<meta property=\"og:site_name\" content=\"Sonnen-Energie GmbH\" \/>\n<meta property=\"article:modified_time\" content=\"2026-01-29T13:36:55+00:00\" \/>\n<meta name=\"twitter:card\" content=\"summary_large_image\" \/>\n<script type=\"application\/ld+json\" class=\"yoast-schema-graph\">{\"@context\":\"https:\/\/schema.org\",\"@graph\":[{\"@type\":\"WebPage\",\"@id\":\"https:\/\/sonnen-energie.de\/thank-you\/\",\"url\":\"https:\/\/sonnen-energie.de\/thank-you\/\",\"name\":\"Thank you - Sonnen-Energie GmbH\",\"isPartOf\":{\"@id\":\"https:\/\/sonnen-energie.de\/#website\"},\"datePublished\":\"2026-01-29T13:28:55+00:00\",\"dateModified\":\"2026-01-29T13:36:55+00:00\",\"breadcrumb\":{\"@id\":\"https:\/\/sonnen-energie.de\/thank-you\/#breadcrumb\"},\"inLanguage\":\"th\",\"potentialAction\":[{\"@type\":\"ReadAction\",\"target\":[\"https:\/\/sonnen-energie.de\/thank-you\/\"]}]},{\"@type\":\"BreadcrumbList\",\"@id\":\"https:\/\/sonnen-energie.de\/thank-you\/#breadcrumb\",\"itemListElement\":[{\"@type\":\"ListItem\",\"position\":1,\"name\":\"Startseite\",\"item\":\"https:\/\/sonnen-energie.de\/\"},{\"@type\":\"ListItem\",\"position\":2,\"name\":\"Thank you\"}]},{\"@type\":\"WebSite\",\"@id\":\"https:\/\/sonnen-energie.de\/#website\",\"url\":\"https:\/\/sonnen-energie.de\/\",\"name\":\"Sonnen-Energie GmbH\",\"description\":\"\",\"potentialAction\":[{\"@type\":\"SearchAction\",\"target\":{\"@type\":\"EntryPoint\",\"urlTemplate\":\"https:\/\/sonnen-energie.de\/?s={search_term_string}\"},\"query-input\":{\"@type\":\"PropertyValueSpecification\",\"valueRequired\":true,\"valueName\":\"search_term_string\"}}],\"inLanguage\":\"th\"}]}<\/script>","yoast_head_json":{"title":"\u0e02\u0e2d\u0e1a\u0e04\u0e38\u0e13 - \u0e1a\u0e23\u0e34\u0e29\u0e31\u0e17 \u0e42\u0e0b\u0e25\u0e32\u0e23\u0e4c-\u0e40\u0e2d\u0e40\u0e19\u0e2d\u0e23\u0e4c\u0e08\u0e35 \u0e08\u0e33\u0e01\u0e31\u0e14","robots":{"index":"index","follow":"follow","max-snippet":"max-snippet:-1","max-image-preview":"max-image-preview:large","max-video-preview":"max-video-preview:-1"},"canonical":"https:\/\/sonnen-energie.de\/th\/\u0e02\u0e2d\u0e1a\u0e04\u0e38\u0e13\/","og_locale":"th_TH","og_type":"article","og_title":"Thank you - Sonnen-Energie GmbH","og_description":"Wir haben Ihre Bewerbung erhalten und bedanken uns f\u00fcr Ihr Interesse \u2600\ufe0f Wie gehts es jetzt weiter? Wir schauen uns deine Antworten in den n\u00e4chsten Tagen genau an. Wenn dein Profil zu unseren Aufgaben passt, melden wir uns kurzfristig bei dir, um einen Termin f\u00fcr ein erstes Kennenlernen zu vereinbaren Sonnige Gr\u00fc\u00dfeFlorian Gabler","og_url":"https:\/\/sonnen-energie.de\/th\/\u0e02\u0e2d\u0e1a\u0e04\u0e38\u0e13\/","og_site_name":"Sonnen-Energie GmbH","article_modified_time":"2026-01-29T13:36:55+00:00","twitter_card":"summary_large_image","schema":{"@context":"https:\/\/schema.org","@graph":[{"@type":"WebPage","@id":"https:\/\/sonnen-energie.de\/thank-you\/","url":"https:\/\/sonnen-energie.de\/thank-you\/","name":"\u0e02\u0e2d\u0e1a\u0e04\u0e38\u0e13 - \u0e1a\u0e23\u0e34\u0e29\u0e31\u0e17 \u0e42\u0e0b\u0e25\u0e32\u0e23\u0e4c-\u0e40\u0e2d\u0e40\u0e19\u0e2d\u0e23\u0e4c\u0e08\u0e35 \u0e08\u0e33\u0e01\u0e31\u0e14","isPartOf":{"@id":"https:\/\/sonnen-energie.de\/#website"},"datePublished":"2026-01-29T13:28:55+00:00","dateModified":"2026-01-29T13:36:55+00:00","breadcrumb":{"@id":"https:\/\/sonnen-energie.de\/thank-you\/#breadcrumb"},"inLanguage":"th","potentialAction":[{"@type":"ReadAction","target":["https:\/\/sonnen-energie.de\/thank-you\/"]}]},{"@type":"BreadcrumbList","@id":"https:\/\/sonnen-energie.de\/thank-you\/#breadcrumb","itemListElement":[{"@type":"ListItem","position":1,"name":"Startseite","item":"https:\/\/sonnen-energie.de\/"},{"@type":"ListItem","position":2,"name":"Thank you"}]},{"@type":"WebSite","@id":"https:\/\/sonnen-energie.de\/#website","url":"https:\/\/sonnen-energie.de\/","name":"\u0e1a\u0e23\u0e34\u0e29\u0e31\u0e17 \u0e42\u0e0b\u0e25\u0e32\u0e23\u0e4c \u0e40\u0e2d\u0e47\u0e19\u0e40\u0e19\u0e2d\u0e23\u0e4c\u0e08\u0e35 \u0e08\u0e33\u0e01\u0e31\u0e14","description":"","potentialAction":[{"@type":"SearchAction","target":{"@type":"EntryPoint","urlTemplate":"https:\/\/sonnen-energie.de\/?s={search_term_string}"},"query-input":{"@type":"PropertyValueSpecification","valueRequired":true,"valueName":"search_term_string"}}],"inLanguage":"th"}]}},"_links":{"self":[{"href":"https:\/\/sonnen-energie.de\/th\/wp-json\/wp\/v2\/pages\/900","targetHints":{"allow":["GET"]}}],"collection":[{"href":"https:\/\/sonnen-energie.de\/th\/wp-json\/wp\/v2\/pages"}],"about":[{"href":"https:\/\/sonnen-energie.de\/th\/wp-json\/wp\/v2\/types\/page"}],"author":[{"embeddable":true,"href":"https:\/\/sonnen-energie.de\/th\/wp-json\/wp\/v2\/users\/1"}],"replies":[{"embeddable":true,"href":"https:\/\/sonnen-energie.de\/th\/wp-json\/wp\/v2\/comments?post=900"}],"version-history":[{"count":2,"href":"https:\/\/sonnen-energie.de\/th\/wp-json\/wp\/v2\/pages\/900\/revisions"}],"predecessor-version":[{"id":902,"href":"https:\/\/sonnen-energie.de\/th\/wp-json\/wp\/v2\/pages\/900\/revisions\/902"}],"wp:attachment":[{"href":"https:\/\/sonnen-energie.de\/th\/wp-json\/wp\/v2\/media?parent=900"}],"curies":[{"name":"wp","href":"https:\/\/api.w.org\/{rel}","templated":true}]}}